{"id":772,"date":"2021-08-02T18:32:47","date_gmt":"2021-08-02T18:32:47","guid":{"rendered":"https:\/\/www.pensiomarfil.com\/activitats-culturals-penisomarfil-lajonquera\/"},"modified":"2026-01-20T17:41:50","modified_gmt":"2026-01-20T17:41:50","slug":"activites-culturelles-penisomarfil-lajonquera","status":"publish","type":"page","link":"https:\/\/www.pensiomarfil.com\/fr\/activites-culturelles-penisomarfil-lajonquera\/","title":{"rendered":"Activit\u00e9s culturelles"},"content":{"rendered":"","protected":false},"excerpt":{"rendered":"<p>La Pensi\u00f3 Marfil a la Jonquera us ofereix una munt d&rsquo;activitats culturals per saber m\u00e9s de tot l&rsquo;entorn de l&rsquo;Alt Empord\u00e0.<\/p>\n","protected":false},"author":1,"featured_media":0,"parent":0,"menu_order":0,"comment_status":"closed","ping_status":"closed","template":"","meta":{"footnotes":""},"class_list":["post-772","page","type-page","status-publish","hentry"],"_links":{"self":[{"href":"https:\/\/www.pensiomarfil.com\/fr\/wp-json\/wp\/v2\/pages\/772","targetHints":{"allow":["GET"]}}],"collection":[{"href":"https:\/\/www.pensiomarfil.com\/fr\/wp-json\/wp\/v2\/pages"}],"about":[{"href":"https:\/\/www.pensiomarfil.com\/fr\/wp-json\/wp\/v2\/types\/page"}],"author":[{"embeddable":true,"href":"https:\/\/www.pensiomarfil.com\/fr\/wp-json\/wp\/v2\/users\/1"}],"replies":[{"embeddable":true,"href":"https:\/\/www.pensiomarfil.com\/fr\/wp-json\/wp\/v2\/comments?post=772"}],"version-history":[{"count":1,"href":"https:\/\/www.pensiomarfil.com\/fr\/wp-json\/wp\/v2\/pages\/772\/revisions"}],"predecessor-version":[{"id":773,"href":"https:\/\/www.pensiomarfil.com\/fr\/wp-json\/wp\/v2\/pages\/772\/revisions\/773"}],"wp:attachment":[{"href":"https:\/\/www.pensiomarfil.com\/fr\/wp-json\/wp\/v2\/media?parent=772"}],"curies":[{"name":"wp","href":"https:\/\/api.w.org\/{rel}","templated":true}]}}