{"id":739,"date":"2021-06-29T09:33:48","date_gmt":"2021-06-29T09:33:48","guid":{"rendered":"https:\/\/www.pensiomarfil.com\/activitats-esportives-lajonquera\/"},"modified":"2026-01-20T17:15:10","modified_gmt":"2026-01-20T17:15:10","slug":"actividades-deportivas-lajonquera","status":"publish","type":"page","link":"https:\/\/www.pensiomarfil.com\/es\/actividades-deportivas-lajonquera\/","title":{"rendered":"Actividades deportivas"},"content":{"rendered":"","protected":false},"excerpt":{"rendered":"<p>La Pensi\u00f3n Marfil en la Jonquera ofrece un mont\u00f3n de actividades Rutas de monta\u00f1a, senderismo y excursiones.<\/p>\n","protected":false},"author":1,"featured_media":0,"parent":0,"menu_order":0,"comment_status":"closed","ping_status":"closed","template":"","meta":{"footnotes":""},"class_list":["post-739","page","type-page","status-publish","hentry"],"_links":{"self":[{"href":"https:\/\/www.pensiomarfil.com\/es\/wp-json\/wp\/v2\/pages\/739","targetHints":{"allow":["GET"]}}],"collection":[{"href":"https:\/\/www.pensiomarfil.com\/es\/wp-json\/wp\/v2\/pages"}],"about":[{"href":"https:\/\/www.pensiomarfil.com\/es\/wp-json\/wp\/v2\/types\/page"}],"author":[{"embeddable":true,"href":"https:\/\/www.pensiomarfil.com\/es\/wp-json\/wp\/v2\/users\/1"}],"replies":[{"embeddable":true,"href":"https:\/\/www.pensiomarfil.com\/es\/wp-json\/wp\/v2\/comments?post=739"}],"version-history":[{"count":3,"href":"https:\/\/www.pensiomarfil.com\/es\/wp-json\/wp\/v2\/pages\/739\/revisions"}],"predecessor-version":[{"id":751,"href":"https:\/\/www.pensiomarfil.com\/es\/wp-json\/wp\/v2\/pages\/739\/revisions\/751"}],"wp:attachment":[{"href":"https:\/\/www.pensiomarfil.com\/es\/wp-json\/wp\/v2\/media?parent=739"}],"curies":[{"name":"wp","href":"https:\/\/api.w.org\/{rel}","templated":true}]}}