{"id":298,"date":"2020-01-28T11:39:06","date_gmt":"2020-01-28T11:39:06","guid":{"rendered":"https:\/\/www.pensiomarfil.com\/pensio-marfil-home\/"},"modified":"2026-02-03T08:36:06","modified_gmt":"2026-02-03T08:36:06","slug":"pension-marfil","status":"publish","type":"page","link":"https:\/\/www.pensiomarfil.com\/es\/","title":{"rendered":"Pensi\u00f3 Marfil"},"content":{"rendered":"","protected":false},"excerpt":{"rendered":"<p>La Pensi\u00f3n Marfil de La Junquera ofrece muchas actividades culturales, familiares y deportivas para disfrutar del Alt Empord\u00e0 en la Costa Brava. Museo Dal\u00ed, Cadaqu\u00e9s, <\/p>\n","protected":false},"author":1,"featured_media":0,"parent":0,"menu_order":0,"comment_status":"closed","ping_status":"closed","template":"","meta":{"footnotes":""},"class_list":["post-298","page","type-page","status-publish","hentry"],"_links":{"self":[{"href":"https:\/\/www.pensiomarfil.com\/es\/wp-json\/wp\/v2\/pages\/298","targetHints":{"allow":["GET"]}}],"collection":[{"href":"https:\/\/www.pensiomarfil.com\/es\/wp-json\/wp\/v2\/pages"}],"about":[{"href":"https:\/\/www.pensiomarfil.com\/es\/wp-json\/wp\/v2\/types\/page"}],"author":[{"embeddable":true,"href":"https:\/\/www.pensiomarfil.com\/es\/wp-json\/wp\/v2\/users\/1"}],"replies":[{"embeddable":true,"href":"https:\/\/www.pensiomarfil.com\/es\/wp-json\/wp\/v2\/comments?post=298"}],"version-history":[{"count":3,"href":"https:\/\/www.pensiomarfil.com\/es\/wp-json\/wp\/v2\/pages\/298\/revisions"}],"predecessor-version":[{"id":789,"href":"https:\/\/www.pensiomarfil.com\/es\/wp-json\/wp\/v2\/pages\/298\/revisions\/789"}],"wp:attachment":[{"href":"https:\/\/www.pensiomarfil.com\/es\/wp-json\/wp\/v2\/media?parent=298"}],"curies":[{"name":"wp","href":"https:\/\/api.w.org\/{rel}","templated":true}]}}