{"id":414,"date":"2020-01-28T11:39:06","date_gmt":"2020-01-28T11:39:06","guid":{"rendered":"https:\/\/www.pensiomarfil.com\/pensio-marfil-home\/"},"modified":"2026-02-03T08:20:01","modified_gmt":"2026-02-03T08:20:01","slug":"pensio-marfil-home","status":"publish","type":"page","link":"https:\/\/www.pensiomarfil.com\/en\/","title":{"rendered":"Pensi\u00f3 Marfil"},"content":{"rendered":"","protected":false},"excerpt":{"rendered":"<p>Pensi\u00f3n Marfil in La Jonquera offers many cultural, family and sports activities to enjoy the Alt Empord\u00e0 on the Costa Brava. Dal\u00ed Museum, Cadaqu\u00e9s, Cap de Creus<\/p>\n","protected":false},"author":1,"featured_media":0,"parent":0,"menu_order":0,"comment_status":"closed","ping_status":"closed","template":"","meta":{"footnotes":""},"class_list":["post-414","page","type-page","status-publish","hentry"],"_links":{"self":[{"href":"https:\/\/www.pensiomarfil.com\/en\/wp-json\/wp\/v2\/pages\/414","targetHints":{"allow":["GET"]}}],"collection":[{"href":"https:\/\/www.pensiomarfil.com\/en\/wp-json\/wp\/v2\/pages"}],"about":[{"href":"https:\/\/www.pensiomarfil.com\/en\/wp-json\/wp\/v2\/types\/page"}],"author":[{"embeddable":true,"href":"https:\/\/www.pensiomarfil.com\/en\/wp-json\/wp\/v2\/users\/1"}],"replies":[{"embeddable":true,"href":"https:\/\/www.pensiomarfil.com\/en\/wp-json\/wp\/v2\/comments?post=414"}],"version-history":[{"count":2,"href":"https:\/\/www.pensiomarfil.com\/en\/wp-json\/wp\/v2\/pages\/414\/revisions"}],"predecessor-version":[{"id":787,"href":"https:\/\/www.pensiomarfil.com\/en\/wp-json\/wp\/v2\/pages\/414\/revisions\/787"}],"wp:attachment":[{"href":"https:\/\/www.pensiomarfil.com\/en\/wp-json\/wp\/v2\/media?parent=414"}],"curies":[{"name":"wp","href":"https:\/\/api.w.org\/{rel}","templated":true}]}}